{"id":35,"date":"2025-08-29T09:10:53","date_gmt":"2025-08-29T07:10:53","guid":{"rendered":"https:\/\/grafico.adrirodrigof3.es\/?page_id=35"},"modified":"2026-01-27T11:51:56","modified_gmt":"2026-01-27T10:51:56","slug":"estudio","status":"publish","type":"page","link":"https:\/\/grafico.adrirodrigof3.es\/val\/estudio\/","title":{"rendered":"Estudi"},"content":{"rendered":"<div data-elementor-type=\"wp-page\" data-elementor-id=\"35\" class=\"elementor elementor-35\" data-elementor-post-type=\"page\">\n\t\t\t\t<div class=\"elementor-element elementor-element-2207432 e-flex e-con-boxed e-con e-parent\" data-id=\"2207432\" data-element_type=\"container\" data-e-type=\"container\">\n\t\t\t\t\t<div class=\"e-con-inner\">\n\t\t<div class=\"elementor-element elementor-element-c1feebb e-con-full e-flex e-con e-child\" data-id=\"c1feebb\" data-element_type=\"container\" data-e-type=\"container\">\n\t\t\t\t<div class=\"elementor-element elementor-element-6aa349a elementor-widget elementor-widget-image\" data-id=\"6aa349a\" data-element_type=\"widget\" data-e-type=\"widget\" data-widget_type=\"image.default\">\n\t\t\t\t<div class=\"elementor-widget-container\">\n\t\t\t\t\t\t\t\t\t\t\t\t\t\t\t<img fetchpriority=\"high\" decoding=\"async\" width=\"800\" height=\"837\" src=\"https:\/\/grafico.adrirodrigof3.es\/wp-content\/uploads\/2025\/08\/jaume-marco-estudi-979x1024.jpg\" class=\"attachment-large size-large wp-image-162\" alt=\"\" srcset=\"https:\/\/grafico.adrirodrigof3.es\/wp-content\/uploads\/2025\/08\/jaume-marco-estudi-979x1024.jpg 979w, https:\/\/grafico.adrirodrigof3.es\/wp-content\/uploads\/2025\/08\/jaume-marco-estudi-287x300.jpg 287w, https:\/\/grafico.adrirodrigof3.es\/wp-content\/uploads\/2025\/08\/jaume-marco-estudi-768x803.jpg 768w, https:\/\/grafico.adrirodrigof3.es\/wp-content\/uploads\/2025\/08\/jaume-marco-estudi-1469x1536.jpg 1469w, https:\/\/grafico.adrirodrigof3.es\/wp-content\/uploads\/2025\/08\/jaume-marco-estudi.jpg 1573w\" sizes=\"(max-width: 800px) 100vw, 800px\" \/>\t\t\t\t\t\t\t\t\t\t\t\t\t\t\t<\/div>\n\t\t\t\t<\/div>\n\t\t\t\t<\/div>\n\t\t<div class=\"elementor-element elementor-element-7341bd2 e-con-full e-flex e-con e-child\" data-id=\"7341bd2\" data-element_type=\"container\" data-e-type=\"container\">\n\t\t\t\t<div class=\"elementor-element elementor-element-6ad317b elementor-widget elementor-widget-text-editor\" data-id=\"6ad317b\" data-element_type=\"widget\" data-e-type=\"widget\" data-widget_type=\"text-editor.default\">\n\t\t\t\t<div class=\"elementor-widget-container\">\n\t\t\t\t\t\t\t\t\t<p><i><span style=\"font-weight: 400;\">\u2014I tu, Jaume, qu\u00e8 t'agradaria ser de gran?<\/span><\/i><\/p><p><i><span style=\"font-weight: 400;\">\u2014A mi, \u00abselver\u00bb.<\/span><\/i><\/p><p><i><span style=\"font-weight: 400;\">\u2014Per\u00f2 aix\u00f2 qu\u00e8 \u00e9s? Eixa feina no existeix.<\/span><\/i><\/p><p><i><span style=\"font-weight: 400;\">\u2014Per qu\u00e8 no? Un que fa sabates \u00e9s sabater; aleshores, un que busca i es perd a les selves ser\u00e0 un \u00abselver\u00bb, no? Doncs s\u00ed, jo ser\u00e9 \u00abselver\u00bb!<\/span><\/i><\/p><p><span style=\"font-weight: 400;\">Aunque no me convert\u00ed en \u00abselvero\u00bb, con el tiempo, me convert\u00ed en dise\u00f1ador gr\u00e1fico e ilustrador.<\/span><\/p><p><span style=\"font-weight: 400;\">Des del meu estudi, que mant\u00e9 una estructura redu\u00efda, desenvolupe tres l\u00ednies principals: el disseny de publicacions i cat\u00e0legs per a institucions culturals, la col\u00b7laboraci\u00f3 amb artistes i companyies esc\u00e8niques, i la il\u00b7lustraci\u00f3, tant per a llibres com per a projectes culturals i enc\u00e0rrecs espec\u00edfics. Tamb\u00e9 impartisc el m\u00f2dul de disseny editorial al M\u00e0ster de Disseny Gr\u00e0fic de Barreira Arte + Dise\u00f1o, a Val\u00e8ncia.<\/span><\/p>\t\t\t\t\t\t\t\t<\/div>\n\t\t\t\t<\/div>\n\t\t\t\t<\/div>\n\t\t\t\t\t<\/div>\n\t\t\t\t<\/div>\n\t\t\t\t<\/div>","protected":false},"excerpt":{"rendered":"<p>\u2014\u00bfY t\u00fa, Jaume, qu\u00e9 te gustar\u00eda ser de mayor? \u2014A m\u00ed, \u00abselvero\u00bb. \u2014\u00bfPero eso qu\u00e9 es? Ese trabajo no existe. \u2014\u00bfPor qu\u00e9 no? Uno que hace zapatos es zapatero; entonces, uno que busca y se pierde en las selvas, ser\u00e1 un \u00abselvero\u00bb, \u00bfno? Pues s\u00ed, \u00a1yo ser\u00e9 \u00abselvero\u00bb! Aunque no me convert\u00ed en \u00abselvero\u00bb, con [&hellip;]<\/p>\n","protected":false},"author":7,"featured_media":0,"parent":0,"menu_order":0,"comment_status":"closed","ping_status":"closed","template":"","meta":{"footnotes":""},"class_list":["post-35","page","type-page","status-publish","hentry"],"yoast_head":"<!-- This site is optimized with the Yoast SEO plugin v27.4 - https:\/\/yoast.com\/product\/yoast-seo-wordpress\/ -->\n<title>Estudio - Jaume Marco<\/title>\n<meta name=\"robots\" content=\"noindex, follow, max-snippet:-1, max-image-preview:large, max-video-preview:-1\" \/>\n<meta property=\"og:locale\" content=\"ca_ES\" \/>\n<meta property=\"og:type\" content=\"article\" \/>\n<meta property=\"og:title\" content=\"Estudio - Jaume Marco\" \/>\n<meta property=\"og:description\" content=\"\u2014\u00bfY t\u00fa, Jaume, qu\u00e9 te gustar\u00eda ser de mayor? \u2014A m\u00ed, \u00abselvero\u00bb. \u2014\u00bfPero eso qu\u00e9 es? Ese trabajo no existe. \u2014\u00bfPor qu\u00e9 no? Uno que hace zapatos es zapatero; entonces, uno que busca y se pierde en las selvas, ser\u00e1 un \u00abselvero\u00bb, \u00bfno? Pues s\u00ed, \u00a1yo ser\u00e9 \u00abselvero\u00bb! Aunque no me convert\u00ed en \u00abselvero\u00bb, con [&hellip;]\" \/>\n<meta property=\"og:url\" content=\"https:\/\/grafico.adrirodrigof3.es\/val\/estudio\/\" \/>\n<meta property=\"og:site_name\" content=\"Jaume Marco\" \/>\n<meta property=\"article:modified_time\" content=\"2026-01-27T10:51:56+00:00\" \/>\n<meta property=\"og:image\" content=\"https:\/\/grafico.adrirodrigof3.es\/wp-content\/uploads\/2025\/08\/jaume-marco-estudi.jpg\" \/>\n\t<meta property=\"og:image:width\" content=\"1573\" \/>\n\t<meta property=\"og:image:height\" content=\"1645\" \/>\n\t<meta property=\"og:image:type\" content=\"image\/jpeg\" \/>\n<meta name=\"twitter:card\" content=\"summary_large_image\" \/>\n<meta name=\"twitter:label1\" content=\"Est. reading time\" \/>\n\t<meta name=\"twitter:data1\" content=\"1 minute\" \/>\n<script type=\"application\/ld+json\" class=\"yoast-schema-graph\">{\"@context\":\"https:\\\/\\\/schema.org\",\"@graph\":[{\"@type\":\"WebPage\",\"@id\":\"https:\\\/\\\/grafico.adrirodrigof3.es\\\/estudio\\\/\",\"url\":\"https:\\\/\\\/grafico.adrirodrigof3.es\\\/estudio\\\/\",\"name\":\"Estudio - Jaume Marco\",\"isPartOf\":{\"@id\":\"https:\\\/\\\/grafico.adrirodrigof3.es\\\/#website\"},\"primaryImageOfPage\":{\"@id\":\"https:\\\/\\\/grafico.adrirodrigof3.es\\\/estudio\\\/#primaryimage\"},\"image\":{\"@id\":\"https:\\\/\\\/grafico.adrirodrigof3.es\\\/estudio\\\/#primaryimage\"},\"thumbnailUrl\":\"https:\\\/\\\/grafico.adrirodrigof3.es\\\/wp-content\\\/uploads\\\/2025\\\/08\\\/jaume-marco-estudi-979x1024.jpg\",\"datePublished\":\"2025-08-29T07:10:53+00:00\",\"dateModified\":\"2026-01-27T10:51:56+00:00\",\"breadcrumb\":{\"@id\":\"https:\\\/\\\/grafico.adrirodrigof3.es\\\/estudio\\\/#breadcrumb\"},\"inLanguage\":\"ca-ES\",\"potentialAction\":[{\"@type\":\"ReadAction\",\"target\":[\"https:\\\/\\\/grafico.adrirodrigof3.es\\\/estudio\\\/\"]}]},{\"@type\":\"ImageObject\",\"inLanguage\":\"ca-ES\",\"@id\":\"https:\\\/\\\/grafico.adrirodrigof3.es\\\/estudio\\\/#primaryimage\",\"url\":\"https:\\\/\\\/grafico.adrirodrigof3.es\\\/wp-content\\\/uploads\\\/2025\\\/08\\\/jaume-marco-estudi-979x1024.jpg\",\"contentUrl\":\"https:\\\/\\\/grafico.adrirodrigof3.es\\\/wp-content\\\/uploads\\\/2025\\\/08\\\/jaume-marco-estudi-979x1024.jpg\"},{\"@type\":\"BreadcrumbList\",\"@id\":\"https:\\\/\\\/grafico.adrirodrigof3.es\\\/estudio\\\/#breadcrumb\",\"itemListElement\":[{\"@type\":\"ListItem\",\"position\":1,\"name\":\"Portada\",\"item\":\"https:\\\/\\\/grafico.adrirodrigof3.es\\\/\"},{\"@type\":\"ListItem\",\"position\":2,\"name\":\"Estudio\"}]},{\"@type\":\"WebSite\",\"@id\":\"https:\\\/\\\/grafico.adrirodrigof3.es\\\/#website\",\"url\":\"https:\\\/\\\/grafico.adrirodrigof3.es\\\/\",\"name\":\"Jaume Marco\",\"description\":\"Estudio de Dise\u00f1o\",\"publisher\":{\"@id\":\"https:\\\/\\\/grafico.adrirodrigof3.es\\\/#organization\"},\"potentialAction\":[{\"@type\":\"SearchAction\",\"target\":{\"@type\":\"EntryPoint\",\"urlTemplate\":\"https:\\\/\\\/grafico.adrirodrigof3.es\\\/?s={search_term_string}\"},\"query-input\":{\"@type\":\"PropertyValueSpecification\",\"valueRequired\":true,\"valueName\":\"search_term_string\"}}],\"inLanguage\":\"ca-ES\"},{\"@type\":\"Organization\",\"@id\":\"https:\\\/\\\/grafico.adrirodrigof3.es\\\/#organization\",\"name\":\"Jaume Marco\",\"url\":\"https:\\\/\\\/grafico.adrirodrigof3.es\\\/\",\"logo\":{\"@type\":\"ImageObject\",\"inLanguage\":\"ca-ES\",\"@id\":\"https:\\\/\\\/grafico.adrirodrigof3.es\\\/#\\\/schema\\\/logo\\\/image\\\/\",\"url\":\"https:\\\/\\\/grafico.adrirodrigof3.es\\\/wp-content\\\/uploads\\\/2025\\\/08\\\/jaume-marco-estudi.jpg\",\"contentUrl\":\"https:\\\/\\\/grafico.adrirodrigof3.es\\\/wp-content\\\/uploads\\\/2025\\\/08\\\/jaume-marco-estudi.jpg\",\"width\":1573,\"height\":1645,\"caption\":\"Jaume Marco\"},\"image\":{\"@id\":\"https:\\\/\\\/grafico.adrirodrigof3.es\\\/#\\\/schema\\\/logo\\\/image\\\/\"}}]}<\/script>\n<!-- \/ Yoast SEO plugin. -->","yoast_head_json":{"title":"Estudio - Jaume Marco","robots":{"index":"noindex","follow":"follow","max-snippet":"max-snippet:-1","max-image-preview":"max-image-preview:large","max-video-preview":"max-video-preview:-1"},"og_locale":"ca_ES","og_type":"article","og_title":"Estudio - Jaume Marco","og_description":"\u2014\u00bfY t\u00fa, Jaume, qu\u00e9 te gustar\u00eda ser de mayor? \u2014A m\u00ed, \u00abselvero\u00bb. \u2014\u00bfPero eso qu\u00e9 es? Ese trabajo no existe. \u2014\u00bfPor qu\u00e9 no? Uno que hace zapatos es zapatero; entonces, uno que busca y se pierde en las selvas, ser\u00e1 un \u00abselvero\u00bb, \u00bfno? Pues s\u00ed, \u00a1yo ser\u00e9 \u00abselvero\u00bb! Aunque no me convert\u00ed en \u00abselvero\u00bb, con [&hellip;]","og_url":"https:\/\/grafico.adrirodrigof3.es\/val\/estudio\/","og_site_name":"Jaume Marco","article_modified_time":"2026-01-27T10:51:56+00:00","og_image":[{"width":1573,"height":1645,"url":"https:\/\/grafico.adrirodrigof3.es\/wp-content\/uploads\/2025\/08\/jaume-marco-estudi.jpg","type":"image\/jpeg"}],"twitter_card":"summary_large_image","twitter_misc":{"Est. reading time":"1 minute"},"schema":{"@context":"https:\/\/schema.org","@graph":[{"@type":"WebPage","@id":"https:\/\/grafico.adrirodrigof3.es\/estudio\/","url":"https:\/\/grafico.adrirodrigof3.es\/estudio\/","name":"Estudio - Jaume Marco","isPartOf":{"@id":"https:\/\/grafico.adrirodrigof3.es\/#website"},"primaryImageOfPage":{"@id":"https:\/\/grafico.adrirodrigof3.es\/estudio\/#primaryimage"},"image":{"@id":"https:\/\/grafico.adrirodrigof3.es\/estudio\/#primaryimage"},"thumbnailUrl":"https:\/\/grafico.adrirodrigof3.es\/wp-content\/uploads\/2025\/08\/jaume-marco-estudi-979x1024.jpg","datePublished":"2025-08-29T07:10:53+00:00","dateModified":"2026-01-27T10:51:56+00:00","breadcrumb":{"@id":"https:\/\/grafico.adrirodrigof3.es\/estudio\/#breadcrumb"},"inLanguage":"ca-ES","potentialAction":[{"@type":"ReadAction","target":["https:\/\/grafico.adrirodrigof3.es\/estudio\/"]}]},{"@type":"ImageObject","inLanguage":"ca-ES","@id":"https:\/\/grafico.adrirodrigof3.es\/estudio\/#primaryimage","url":"https:\/\/grafico.adrirodrigof3.es\/wp-content\/uploads\/2025\/08\/jaume-marco-estudi-979x1024.jpg","contentUrl":"https:\/\/grafico.adrirodrigof3.es\/wp-content\/uploads\/2025\/08\/jaume-marco-estudi-979x1024.jpg"},{"@type":"BreadcrumbList","@id":"https:\/\/grafico.adrirodrigof3.es\/estudio\/#breadcrumb","itemListElement":[{"@type":"ListItem","position":1,"name":"Portada","item":"https:\/\/grafico.adrirodrigof3.es\/"},{"@type":"ListItem","position":2,"name":"Estudio"}]},{"@type":"WebSite","@id":"https:\/\/grafico.adrirodrigof3.es\/#website","url":"https:\/\/grafico.adrirodrigof3.es\/","name":"Jaume Marco","description":"Estudio de Dise\u00f1o","publisher":{"@id":"https:\/\/grafico.adrirodrigof3.es\/#organization"},"potentialAction":[{"@type":"SearchAction","target":{"@type":"EntryPoint","urlTemplate":"https:\/\/grafico.adrirodrigof3.es\/?s={search_term_string}"},"query-input":{"@type":"PropertyValueSpecification","valueRequired":true,"valueName":"search_term_string"}}],"inLanguage":"ca-ES"},{"@type":"Organization","@id":"https:\/\/grafico.adrirodrigof3.es\/#organization","name":"Jaume Marco","url":"https:\/\/grafico.adrirodrigof3.es\/","logo":{"@type":"ImageObject","inLanguage":"ca-ES","@id":"https:\/\/grafico.adrirodrigof3.es\/#\/schema\/logo\/image\/","url":"https:\/\/grafico.adrirodrigof3.es\/wp-content\/uploads\/2025\/08\/jaume-marco-estudi.jpg","contentUrl":"https:\/\/grafico.adrirodrigof3.es\/wp-content\/uploads\/2025\/08\/jaume-marco-estudi.jpg","width":1573,"height":1645,"caption":"Jaume Marco"},"image":{"@id":"https:\/\/grafico.adrirodrigof3.es\/#\/schema\/logo\/image\/"}}]}},"_links":{"self":[{"href":"https:\/\/grafico.adrirodrigof3.es\/val\/wp-json\/wp\/v2\/pages\/35","targetHints":{"allow":["GET"]}}],"collection":[{"href":"https:\/\/grafico.adrirodrigof3.es\/val\/wp-json\/wp\/v2\/pages"}],"about":[{"href":"https:\/\/grafico.adrirodrigof3.es\/val\/wp-json\/wp\/v2\/types\/page"}],"author":[{"embeddable":true,"href":"https:\/\/grafico.adrirodrigof3.es\/val\/wp-json\/wp\/v2\/users\/7"}],"replies":[{"embeddable":true,"href":"https:\/\/grafico.adrirodrigof3.es\/val\/wp-json\/wp\/v2\/comments?post=35"}],"version-history":[{"count":28,"href":"https:\/\/grafico.adrirodrigof3.es\/val\/wp-json\/wp\/v2\/pages\/35\/revisions"}],"predecessor-version":[{"id":1318,"href":"https:\/\/grafico.adrirodrigof3.es\/val\/wp-json\/wp\/v2\/pages\/35\/revisions\/1318"}],"wp:attachment":[{"href":"https:\/\/grafico.adrirodrigof3.es\/val\/wp-json\/wp\/v2\/media?parent=35"}],"curies":[{"name":"wp","href":"https:\/\/api.w.org\/{rel}","templated":true}]}}